{"id":3491,"date":"2021-11-08T23:45:20","date_gmt":"2021-11-08T20:45:20","guid":{"rendered":"https:\/\/skaryna.eu\/?page_id=3491"},"modified":"2021-11-13T22:43:04","modified_gmt":"2021-11-13T19:43:04","slug":"koncepcija","status":"publish","type":"page","link":"https:\/\/skaryna.eu\/lt\/koncepcija\/","title":{"rendered":"Koncepcija"},"content":{"rendered":"<div class=\"wpb-content-wrapper\"><p>[vc_row][vc_column][vc_empty_space height=&#8221;50px&#8221;][vc_column_text]<\/p>\n<h3><strong>KONCEPCIJA<\/strong><\/h3>\n<h3>Pranci\u0161kaus Skorinos Europos kult\u016bros kelio<\/h3>\n<p>[\/vc_column_text][vc_column_text]Pranci\u0161kaus Skorinos Europos kult\u016bros kelio koncepcija sukurta vykdant \u201ePranci\u0161kaus Skorinos kult\u016bros kelio (Polocko\u2013Vilniaus dalis)\u201c projekt\u0105, kur\u012f pareng\u0117 ir \u012fgyvendino grup\u0117 specialist\u0173 i\u0161 Europos humanitarinio universiteto, Pranci\u0161kaus Skorinos gimnazijos (Vilnius, Lietuva), Polocko valstybinio universiteto ir Nacionalinio Polocko istorijos ir kult\u016bros muziejaus-rezervato (Polockas, Baltarusija), bei finansi\u0161kai r\u0117m\u0117 Lietuvos Respublikos u\u017esienio reikal\u0173 ministerija, vykdanti Vystomojo bendradarbiavimo ir paramos demokratijai program\u0105. Projekto \u012fgyvendinimas vertinamas kaip pradinis integracijos veiksm\u0173, nukreipt\u0173 \u012f su P.\u00a0Skorinos asmenybe susijusio paveldo i\u0161saugojim\u0105 ir populiarinim\u0105, etapas, remiantis Europos Tarybos Kult\u016bros keli\u0173 modeliu, kuris u\u017etikrina \u012fvairi\u0173 \u0161ali\u0173 bei sri\u010di\u0173 suinteresuot\u0173j\u0173 asmen\u0173 bendradarbiavim\u0105 ir s\u0105veik\u0105.[\/vc_column_text][vc_tta_accordion][vc_tta_section title=&#8221;Pranci\u0161kaus Skorinos Europos kult\u016bros kelio k\u016brimo aktualumas&#8221; tab_id=&#8221;1636277811505-343da438-1dc2&#8243;][vc_column_text]Bendra Vidurio ir Ryt\u0173 Europos taut\u0173 istorija bei paveldas, \u0161vietimo siekimo aprai\u0161kos ir bendr\u0173 \u017emogi\u0161k\u0173j\u0173 vertybi\u0173 \u012fsitvirtinimas Renesanso epochoje kol kas n\u0117ra iki galo pristatyti Europos ir pasaulio visuomenei. Be to, aktualizuojant material\u0173j\u012f ir nematerial\u0173j\u012f paveld\u0105 bei pateikiant j\u012f kaip bendr\u0105 Europos taut\u0173 pasiekim\u0105 atveriamos pla\u010dios bendradarbiavimo ir pl\u0117tros galimyb\u0117s. Taigi pasitelkiant Polocke gimusio Lietuvos Did\u017eiosios Kunigaik\u0161tyst\u0117s pilie\u010dio, \u012f\u017eymaus Europos \u0161viet\u0117jo, Pranci\u0161kaus Skorinos asmenyb\u0119 suteikiama unikali galimyb\u0117 atsekti XV am\u017eiaus pabaigos\u2013pirmos XVI am\u017eiaus pus\u0117s kult\u016brinius ry\u0161ius, pa\u010di\u0173 \u012fvairiausi\u0173 svarbi\u0173 tematini\u0173 kryp\u010di\u0173 \u017eini\u0173, id\u0117j\u0173, technologij\u0173 main\u0173 procesus did\u017eiul\u0117je geografin\u0117je teritorijoje. B\u016btent \u0161io istorinio laikotarpio metu b\u016bta itin svarbi\u0173 Europos kult\u016bros \u012fvyki\u0173 ir pasiekim\u0173.<\/p>\n<p>Reik\u0161ming\u0173 Europos istorijos ir kult\u016bros \u012fvyki\u0173 metin\u0117s atkreipia papildom\u0105 d\u0117mes\u012f \u012f reik\u0161mingiausius Renesanso pasiekimus. 2017 metais Europos bendruomen\u0117 at\u0161vent\u0117 500-\u0105sias knyg\u0173 baltarusi\u0173 kalba spausdinimo metines \u2013 pirm\u0105j\u0105 knyg\u0105 baltarusi\u0173 kalba 1517 m. rugpj\u016b\u010dio 6 d. Prahoje i\u0161spausdino Pranci\u0161kus Skorina. 2022 metais minimos 500-osios pirmosios Lietuvos Did\u017eiojoje Kunigaik\u0161tyst\u0117je i\u0161spausdintos knygos metin\u0117s \u2013 pirmoji knyga buvo i\u0161spausdinta Pranci\u0161kaus Skorinos Vilniuje \u012fkurtoje spaustuv\u0117je. Tai buvo reik\u0161mingas \u012fvykis, tur\u0117j\u0119s \u012ftakos jo gyvenimui ir kelionei per \u017eemyn\u0105 nuo Polocko per Vilni\u0173 \u012f Europos pietus iki Padujos ir atgal \u012f Vilni\u0173. Europos kult\u016bros kelias tai geriausia priemon\u0117 u\u017etikrinti Renesanso epochos materialiosios ir nematerialiosios kult\u016bros pasiekim\u0173, i\u0161saugot\u0173 Europos \u017eemyno kult\u016briniuose kra\u0161tovaizd\u017eiuose, pa\u017einim\u0105, interpretavim\u0105 ir atskleidim\u0105 pla\u010diajai visuomenei pasitelkiant \u012f\u017eymios istorin\u0117s asmenyb\u0117s gyvenimo istorij\u0105 ir pasiekimus.[\/vc_column_text][\/vc_tta_section][vc_tta_section title=&#8221;Koncepcijos objektas&#8221; tab_id=&#8221;1636277811505-5149e50c-da18&#8243;][vc_column_text]\u0160i koncepcija grind\u017eiama Pranci\u0161kaus Skorinos palikimu \u2013 jo pasiekimais \u0161vietimo, mokslo ir kult\u016bros srityse, ypa\u010d knyg\u0173 spausdinimo, taip pat medicinos, botanikos, filosofijos, teologijos ir diplomatijos srityse, materiali\u0173j\u0173 artefakt\u0173 ir nemateriali\u0173j\u0173 jo veiklos i\u0161rai\u0161kos bei \u012ftakos visuma, kuri yra Europos taut\u0173 \u0161vietimo siekimo Renesanso epochoje \u012frodymas. Be to, \u0161i koncepcija taip pat apima materiali\u0173j\u0173 ir dvasini\u0173 kult\u016bros rei\u0161kini\u0173 artefaktus, kurie dar\u0117 tiesiogin\u0119 \u012ftak\u0105 Pranci\u0161kaus Skorinos asmenyb\u0117s raidai, jo gyvenimui ir veiklai bei tapo tiesioginiu jo veiklos, pasiekim\u0173 ir id\u0117j\u0173 t\u0119siniu arba atsirado d\u0117l j\u0173 tiesiogin\u0117s \u012ftakos. Ypatingas d\u0117mesys skiriamas Renesanso epochos kult\u016bros ir \u0161vietimo centrus jungusiems keliams, kurie buvo svarb\u016bs ne tik ekonomikai, bet ir u\u017etikrino kult\u016brinius mainus tarp taut\u0173 bei buvo \u012ftraukti \u012f Europos kult\u016brini\u0173 kra\u0161tovaizd\u017ei\u0173 strukt\u016br\u0105, susiformavusi\u0105 vykstant nat\u016braliems gamtos procesams ir \u017emogaus veiklai. Si\u016blomas po\u017ei\u016bris \u012f kult\u016bros kelio objekto apibr\u0117\u017eim\u0105 leid\u017eia i\u0161 naujo pa\u017evelgti \u012f Europos kult\u016brinius kra\u0161tovaizd\u017eius ir perm\u0105styti j\u0173 raidos procesus bei reprezentavimo galimybes.[\/vc_column_text][\/vc_tta_section][vc_tta_section title=&#8221;Koncepcijos dalykas&#8221; tab_id=&#8221;1636278050864-2fb5e310-2776&#8243;][vc_column_text]Koncepcija yra orientuota \u012f P. Skorinos paveldo mokslin\u012f, pa\u017einimo, edukacin\u012f, kult\u016brin\u012f, socialin\u012f ir ekonomin\u012f potencial\u0105 bei jo tolesnio atskleidimo ir tvaraus panaudojimo galimyb\u0119 tarptautiniu mastu bendradarbiaujant kuo platesniam suinteresuot\u0173j\u0173 asmen\u0173 ratui, \u012f kur\u012f \u012feina mokslo, kult\u016bros, \u0161vietimo ir verslo atstovai, ypa\u010d i\u0161 turizmo, kult\u016bros ir meno sri\u010di\u0173.[\/vc_column_text][\/vc_tta_section][vc_tta_section title=&#8221;Geografin\u0117s ribos&#8221; tab_id=&#8221;1636278089660-292647b9-e638&#8243;][vc_column_text]Pranci\u0161kaus Skorinos veikla, tapusi nedaloma Europos kult\u016bros dalimi, per\u017eeng\u0117 nacionalines sienas. Ta\u010diau jo kelioni\u0173 geografija kol kas i\u0161tirta nepakankamai. Be centr\u0173, apie kuriuos yra \u017einoma, pavyzd\u017eiui, Polockas (Baltarusija), Vilnius (Lietuva), Ryga (Latvija), Krokuva ir Poznan\u0117 (Lenkija), Venecija ir Paduja (Italija), Viena (Austrija) ir Karaliau\u010dius (dabar vadinamas Kaliningradu, Rusija), formuojantis ir funkcionuojant Europos kult\u016bros keliui, P.\u00a0Skorina gal\u0117jo vykdyti veikl\u0105 ir kituose miestuose, pavyzd\u017eiui, Kopenhagoje (Danija), Vitenberge (Vokietija), Maskvoje (Rusija), taip pat gyvenviet\u0117se bei teritorijose, besidriekian\u010diose palei istorinius kelius, Renesanso laikais jungusius kult\u016bros centrus.[\/vc_column_text][\/vc_tta_section][vc_tta_section title=&#8221;Laiko ribos&#8221; tab_id=&#8221;1636278126711-7644eb23-eee5&#8243;][vc_column_text]Koncepcija apima ne tik su Pranci\u0161kaus Skorinos gyvenimo laikotarpiu tiesiogiai susijusius artefaktus, \u012fvykius, id\u0117jas, nematerialias veiklos aprai\u0161kas ir \u012ftak\u0105. \u0160iuo metu tikrosios P.\u00a0Skorinos gimimo ir mirties datos n\u0117ra \u017einomos. Pagal \u012fvairias si\u016blomas hipotezes jo numanoma gimimo data yra tarp 1470 ir 1490 met\u0173. Taip pat manoma, kad jis mir\u0117 ne v\u0117liau kaip 1552 met\u0173 saus\u012f. Remiantis koncepcijos objekto apibr\u0117\u017eimu, kult\u016bros kelio formavimo ir funkcionavimo tikslais b\u016btina atsi\u017evelgti \u012f visas teritorijas, artefaktus, rei\u0161kinius ir \u012fvykius, susijusius su P. Skorinos asmenybe, jo veikla ir kelion\u0117mis, nepriklausomai nuo laiko ir kilm\u0117s, egzistavimo ar aprai\u0161kos, \u012fskaitant ir \u0161i\u0173 dien\u0173 epoch\u0105. Be to, svarbu pamin\u0117ti, kad kult\u016bros kelio formavimas ir funkcionavimas yra orientuotas \u012f ateit\u012f, siekiant patenkinti b\u016bsim\u0173 kart\u0173 poreikius bei i\u0161likti atviriems naujoms \u017einioms, \u012fvykiams ir iniciatyvoms.[\/vc_column_text][\/vc_tta_section][vc_tta_section title=&#8221;Kult\u016bros kelias kaip materialiojo paveldo objekt\u0173 ir lankytin\u0173 viet\u0173 visuma&#8221; tab_id=&#8221;1636278241302-5a4b8f89-5830&#8243;][vc_column_text]Pranci\u0161kaus Skorinos kult\u016bros kelias tai unikali proga i\u0161 naujo pa\u017evelgti \u012f Vidurio ir Ryt\u0173 Europos kult\u016bros kra\u0161tovaizd\u017eius, kurie yra ne\u012fkainojamas bendras \u017emogaus ir gamtos k\u016brybos rezultatas, apimantis \u012fvairi\u0173 istorini\u0173 epoch\u0173 ir \u012fvyki\u0173 p\u0117dsakus. Juos persmelkia ne tik daugyb\u0117 teritorini\u0173 ry\u0161i\u0173 tarp nuostabi\u0173 viet\u0173 ir objekt\u0173, bet ir laiko ry\u0161iai per visas istorines Europos taut\u0173 raidos epochas ir netgi geologinius \u017eemyno formavimosi periodus. Tai yra galimyb\u0117 pamatyti did\u017eiosios istorin\u0117s Renesanso epochos ir \u012f\u017eymaus \u0161ios epochos atstovo gyvenimo bei veiklos laikotarpiu paliktus p\u0117dsakus \u0161iuolaikiniuose gyvenvie\u010di\u0173 ir tarp j\u0173 esan\u010di\u0173 vietovi\u0173 kra\u0161tovaizd\u017eiuose, lankytinose gamtos vietose, i\u0161likusiuose \u017emogaus sukurtuose kilnojamuose ir nekilnojamuose pa\u017eintiniuose objektuose.[\/vc_column_text][\/vc_tta_section][vc_tta_section title=&#8221;Kult\u016bros kelias kaip nematerialiosios kult\u016bros ir id\u0117j\u0173 rei\u0161kini\u0173 visuma&#8221; tab_id=&#8221;1636278284324-34b111f8-df60&#8243;][vc_column_text]Pranci\u0161kaus Skorinos kult\u016bros kelias tai ne tik praeities, su P. Skorinos asmenybe ir jo epocha susijusi\u0173, bet ir (kas ne ma\u017eiau svarbu) \u0161iandienos ir ateities nematerialiosios kult\u016bros rei\u0161kini\u0173 visuma. Kult\u016bros kelias vertinamas kaip priemon\u0117 prarastiems nematerialiosios kult\u016bros rei\u0161kiniams atkurti, i\u0161likusi\u0173j\u0173 nematerialiosios kult\u016bros rei\u0161kini\u0173 atsparumui palaikyti ir naujiems nematerialiosios kult\u016bros rei\u0161kiniams, kurie yra pla\u010diosios visuomen\u0117s intereso objektas ir vertyb\u0117, skatinanti.[\/vc_column_text][\/vc_tta_section][vc_tta_section title=&#8221;Kult\u016bros kelias kaip bendradarbiavimo pagrindas&#8221; tab_id=&#8221;1636278324172-7c78632a-ff81&#8243;][vc_column_text]Kult\u016bros kelias tai galimyb\u0117 bendradarbiauti, apjungti ir stiprinti pastangas bei i\u0161teklius, generuoti bendras id\u0117jas ir skatinti bendras iniciatyvas. Bendradarbiavimas tur\u0117t\u0173 apimti tiek\u00a0 temines kryptis, nustatytas atsi\u017evelgiant \u012f P. Skorinos paveldo ir jo epochos ypatumus, tiek socialin\u0117s ir ekonomin\u0117s veiklos r\u016b\u0161is ir (arba) sektorius, kurie yra tiesiogiai orientuoti \u012f tokio paveldo i\u0161saugojim\u0105, populiarinim\u0105 bei panaudojim\u0105 arba yra netiesiogiai susij\u0119 su tokiu paveldu. Galim\u0173 bendradarbiavimo temini\u0173 sri\u010di\u0173 s\u0105ra\u0161as:<\/p>\n<ul>\n<li>\u0161vietimas, mokymas, \u017eini\u0173 skleidimas ir mainai;<\/li>\n<li>knyg\u0173 spausdinimas, technologij\u0173 vystymas ir perdavimas;<\/li>\n<li>vaizduojamieji menai, taikomoji dekoratyvin\u0117 dail\u0117 ir dizainas;<\/li>\n<li>kelion\u0117s ir tarptautin\u0117 komunikacija;<\/li>\n<li>medicina;<\/li>\n<li>botanika, augal\u0173 sistematika, kra\u0161tovaizd\u017eio ir \u017eeldyn\u0173 dizainas;<\/li>\n<li>filosofija, teologija, diplomatija.<\/li>\n<\/ul>\n<p>Taip pat galim\u0173 sektori\u0173, kuriuose vyksta vidin\u0117 ir tarpsektorin\u0117 s\u0105veika kult\u016bros kelyje, s\u0105ra\u0161as apima:<\/p>\n<ul>\n<li>mokslinius tyrimus ir pl\u0117tr\u0105, \u012fskaitant \u0161vietim\u0105;<\/li>\n<li>kult\u016br\u0105, gamtos ir kult\u016bros paveld\u0105 (material\u0173j\u012f ir nematerial\u0173j\u012f);<\/li>\n<li>socialin\u0119 raid\u0105, socialini\u0173 iniciatyv\u0173 skatinim\u0105;<\/li>\n<li>ekonomin\u0119 raid\u0105, turizmo, kult\u016bros ir meno pramones.<\/li>\n<\/ul>\n<p>Bendradarbiavimo kult\u016bros kelyje pl\u0117trai u\u017etikrinti b\u016btina s\u0105veikia tiek tarp atskir\u0173 temini\u0173 kryp\u010di\u0173 bei sektori\u0173 ir (arba) socialin\u0117s bei ekonomin\u0117s veiklos r\u016b\u0161i\u0173, tiek ir j\u0173 ribose.[\/vc_column_text][\/vc_tta_section][vc_tta_section title=&#8221;Kult\u016bros kelias kaip informacinis produktas&#8221; tab_id=&#8221;1636278368560-b2980685-1aa3&#8243;][vc_column_text]Pranci\u0161kaus Skorinos kult\u016bros kelias tai atvira, nuolat naujinama ir pl\u0117tojama informacin\u0117 sistema, apimanti atitinkam\u0105 mokslin\u0119, pa\u017eintin\u0119, laisvalaikio ir pramog\u0173, edukacin\u0119, komercin\u0119 ir kit\u0105 informacij\u0105, \u012fskaitant:<\/p>\n<ul>\n<li>Pranci\u0161kaus Skorinos asmenyb\u0119 ir epoch\u0105;<\/li>\n<li>atitinkam\u0105 material\u0173j\u012f kult\u016bros ir gamtos paveld\u0105, esant\u012f jo kelioni\u0173 mar\u0161rutuose, taip pat kitose vietose esant\u012f su Pranci\u0161kaus Skorinos asmenybe susijus\u012f kult\u016bros paveld\u0105;<\/li>\n<li>mokslini\u0173 tyrim\u0173 projektus ir tyrim\u0173 rezultatus;<\/li>\n<li>kult\u016brines ir socialines iniciatyvas bei renginius;<\/li>\n<li>laisvalaikio, turizmo ir kult\u016bros bei k\u016brybini\u0173 pramoni\u0173 produktus ir paslaugas;<\/li>\n<li>mokymosi ir studij\u0173 galimybes.<\/li>\n<\/ul>\n<p>[\/vc_column_text][\/vc_tta_section][vc_tta_section title=&#8221;Kult\u016bros kelias kaip raidos \u0161altinis&#8221; tab_id=&#8221;1636278401718-29089c31-60a6&#8243;][vc_column_text]Pranci\u0161kaus Skorinos Europos kult\u016bros kelias, sudarantis materialiojo ir nematerialiojo kult\u016bros paveldo objekt\u0173, lankytin\u0173 gamtos objekt\u0173, suinteresuot\u0173j\u0173 asmen\u0173 tinklo, bendradarbiavimo platformos bei aktualios, nuolat naujinamos informacijos visum\u0105, tur\u0117t\u0173 tapti mokslo, \u0161vietimo, laisvalaikio, turizmo, kult\u016bros, k\u016brybos ir \u012fvairi\u0173 socialini\u0173 bei verslo iniciatyv\u0173 pl\u0117tros \u0161altiniu.[\/vc_column_text][\/vc_tta_section][\/vc_tta_accordion][vc_empty_space][vc_column_text]<em>Planuojant ir kuriant Pranci\u0161kaus Skorinos Europos kult\u016bros keli\u0105 \u0161i koncepcija gali b\u016bti papildoma, patikslinama ir pataisoma atsi\u017evelgiant \u012f suinteresuot\u0173j\u0173 asmen\u0173 ir nauj\u0173 dalyvi\u0173 interesus, \u017einias ir id\u0117jas.<\/em>[\/vc_column_text]<a href=\"\/wp-content\/uploads\/2021\/11\/Concept_FSCR_20211022_lt.pdf\" class=\"btn-shortcode dt-btn-m dt-btn default-btn-color default-btn-hover-color default-btn-bg-color default-btn-bg-hover-color\" id=\"dt-btn-1\"><span>Atsisi\u0173sti<\/span><\/a>[vc_empty_space height=&#8221;50px&#8221;][\/vc_column][\/vc_row]<\/p>\n<\/div>","protected":false},"excerpt":{"rendered":"<p>[vc_row][vc_column][vc_empty_space height=&#8221;50px&#8221;][vc_column_text] KONCEPCIJA Pranci\u0161kaus Skorinos Europos kult\u016bros kelio [\/vc_column_text][vc_column_text]Pranci\u0161kaus Skorinos Europos kult\u016bros kelio koncepcija sukurta vykdant \u201ePranci\u0161kaus Skorinos kult\u016bros kelio (Polocko\u2013Vilniaus dalis)\u201c projekt\u0105, kur\u012f pareng\u0117 ir \u012fgyvendino grup\u0117 specialist\u0173 i\u0161 Europos humanitarinio universiteto, Pranci\u0161kaus Skorinos gimnazijos (Vilnius, Lietuva), Polocko valstybinio universiteto ir Nacionalinio Polocko istorijos ir kult\u016bros muziejaus-rezervato (Polockas, Baltarusija), bei finansi\u0161kai r\u0117m\u0117 Lietuvos Respublikos&hellip;<\/p>\n","protected":false},"author":1,"featured_media":0,"parent":0,"menu_order":0,"comment_status":"closed","ping_status":"closed","template":"","meta":[],"_links":{"self":[{"href":"https:\/\/skaryna.eu\/lt\/wp-json\/wp\/v2\/pages\/3491"}],"collection":[{"href":"https:\/\/skaryna.eu\/lt\/wp-json\/wp\/v2\/pages"}],"about":[{"href":"https:\/\/skaryna.eu\/lt\/wp-json\/wp\/v2\/types\/page"}],"author":[{"embeddable":true,"href":"https:\/\/skaryna.eu\/lt\/wp-json\/wp\/v2\/users\/1"}],"replies":[{"embeddable":true,"href":"https:\/\/skaryna.eu\/lt\/wp-json\/wp\/v2\/comments?post=3491"}],"version-history":[{"count":4,"href":"https:\/\/skaryna.eu\/lt\/wp-json\/wp\/v2\/pages\/3491\/revisions"}],"predecessor-version":[{"id":4259,"href":"https:\/\/skaryna.eu\/lt\/wp-json\/wp\/v2\/pages\/3491\/revisions\/4259"}],"wp:attachment":[{"href":"https:\/\/skaryna.eu\/lt\/wp-json\/wp\/v2\/media?parent=3491"}],"curies":[{"name":"wp","href":"https:\/\/api.w.org\/{rel}","templated":true}]}}