{"id":3246,"date":"2018-11-06T10:34:45","date_gmt":"2018-11-06T07:34:45","guid":{"rendered":"https:\/\/skaryna.eu\/apie-projekta\/"},"modified":"2021-11-15T02:46:27","modified_gmt":"2021-11-14T23:46:27","slug":"apie-projekta","status":"publish","type":"page","link":"https:\/\/skaryna.eu\/lt\/apie-projekta\/","title":{"rendered":"Apie projekt\u0105"},"content":{"rendered":"<div class=\"wpb-content-wrapper\"><p>[vc_row][vc_column][vc_single_image image=&#8221;2380&#8243; img_size=&#8221;full&#8221;][\/vc_column][\/vc_row][vc_row equal_height=&#8221;yes&#8221; content_placement=&#8221;middle&#8221; css=&#8221;.vc_custom_1561964015799{padding-bottom: 50px !important;}&#8221;][vc_column css=&#8221;.vc_custom_1561963982378{padding-right: 7% !important;padding-bottom: 30px !important;padding-left: 7% !important;}&#8221;][vc_empty_space]<div id=\"ultimate-heading-32769e45d47703af\" class=\"uvc-heading ult-adjust-bottom-margin ultimate-heading-32769e45d47703af uvc-5131  uvc-heading-default-font-sizes\" data-hspacer=\"no_spacer\"  data-halign=\"left\" style=\"text-align:left\"><div class=\"uvc-heading-spacer no_spacer\" style=\"top\"><\/div><div class=\"uvc-sub-heading ult-responsive\"  data-ultimate-target='.uvc-heading.ultimate-heading-32769e45d47703af .uvc-sub-heading '  data-responsive-json-new='{\"font-size\":\"\",\"line-height\":\"\"}'  style=\"font-weight:normal;\"><\/p>\n<h3>Lietuvos ir Baltarusijos bendra istorija ir paveldas, kaip bendr\u0173 Europos vertybi\u0173 \u012fsik\u016bnijimas, dar n\u0117ra iki galo pristatyti Europos visuomenei ir turi didel\u012f potencial\u0105. \u0160iuo at\u017evilgiu ypating\u0105 reik\u0161m\u0119 turi materialusis ir nematerialusis paveldas, susij\u0119s su Pranci\u0161kaus Skorinos asmenybe.<\/h3>\n<div class=\"gap\" style=\"line-height: 20px; height: 20px;\"><\/div>\n<p><strong>Pranci\u0161kaus Skorinos kult\u016bros kelias (Polo\u0441ko \u2013<\/strong> <strong>Vilniaus dalis)<\/strong> yra specialist\u0173 grup\u0117s i\u0161 <strong>Europos humanitarinio universiteto<\/strong>, <strong><a href=\"https:\/\/skorinosgimnazija.lt\/\">Pranci\u0161kaus Skorinos gimnazijos<\/a><\/strong> (Lietuva, Vilnius), <strong><a href=\"https:\/\/www.psu.by\/en\/\">Polo\u0441ko valstybinio universiteto<\/a><\/strong> (Polockas, Baltarusija) ir <strong><a href=\"http:\/\/polotsk.museum.by\/en\">Nacionalinio Polo\u0441ko istorijos ir kult\u016bros muziejaus-rezervato<\/a><\/strong> (Polo\u0441kas, Baltarusija)&nbsp; iniciatyva, remiama <strong><a href=\"https:\/\/urm.lt\/default\/lt\/\">Lietuvos Respublikos u\u017esienio reikal\u0173 ministerijos<\/a><\/strong> vykdant <strong>Vystomojo&nbsp;bendradarbiavimo ir paramos demokratijai program\u0105<\/strong>.<\/p>\n<p><strong>Projektu siekiama<\/strong> prisid\u0117ti prie paveldo, susijusio su P. Skorinos asmenybe, i\u0161saugojimo ir populiarinimo, remiantis <a href=\"https:\/\/www.coe.int\/en\/web\/cultural-routes\">Europos Tarybos Kult\u016bros keli\u0173 modeliu<\/a>, kuris leid\u017eia bendradarbiauti ir s\u0105veikauti tarp \u012fvairi\u0173 susijusi\u0173 veik\u0117j\u0173, \u012fskaitant atitinkam\u0173 \u0161ali\u0173 vald\u017eios institucijas.<\/p>\n<p>Tikimasi, kad \u0161is tikslas bus pasiektas \u0161iais <strong>pagrindiniais rezultatais<\/strong>:<\/p>\n<ul>\n<li>P. Skorinos kult\u016bros kelio koncepcija, sukurta ir i\u0161bandyta istorinio kelio Polocko \u2013 Vilniaus atveju;<\/li>\n<li>Geresni pagrindini\u0173 suinteresuot\u0173j\u0173 \u0161ali\u0173 Lietuvoje ir Baltarusijoje paj\u0117gumai, atsi\u017evelgiant \u012f holistin\u012f ir \u012ftrauk\u0173 po\u017ei\u016br\u012f \u012f paveldo i\u0161saugojim\u0105 ir propagavim\u0105, remiantis \u201eKult\u016bros kelio\u201c koncepcija;<\/li>\n<li>Prad\u0117tos P. Skorinos kult\u016bros kelio koncepcijos diskusijos ir diskusijos su partneriais atitinkamose Europos \u0161alyse. Tai leis sukurti tinkl\u0105, reikaling\u0105 materialiam ir nematerialiam paveldo, susijusio su P. Skorinos asmenybe, i\u0161saugojimui pla\u010diame geografiniame ir teminiame kontekste.<\/li>\n<\/ul>\n<p>Projekto \u012fgyvendinimo laikotarpis: <strong>2021 m. kovo \u2013 lapkri\u010dio m\u0117n.<\/strong><\/p>\n<p><\/div><\/div>[\/vc_column][\/vc_row][vc_row bg_type=&#8221;bg_color&#8221; bg_override=&#8221;full&#8221; css=&#8221;.vc_custom_1634963328326{padding-top: 70px !important;padding-bottom: 70px !important;}&#8221; bg_color_value=&#8221;#f7f7f7&#8243;][vc_column]<div id=\"ultimate-heading-219069e45d47704f6\" class=\"uvc-heading ult-adjust-bottom-margin ultimate-heading-219069e45d47704f6 uvc-82  uvc-heading-default-font-sizes\" data-hspacer=\"no_spacer\"  data-halign=\"center\" style=\"text-align:center\"><div class=\"uvc-heading-spacer no_spacer\" style=\"top\"><\/div><div class=\"uvc-main-heading ult-responsive\"  data-ultimate-target='.uvc-heading.ultimate-heading-219069e45d47704f6 h2'  data-responsive-json-new='{\"font-size\":\"\",\"line-height\":\"\"}' ><h2 style=\"--font-weight:theme;margin-bottom:35px;\">M\u016bs\u0173 komanda:<\/h2><\/div><\/div><style type=\"text\/css\" data-type=\"the7_shortcodes-inline-css\">.dt-team-shortcode.team-masonry-shortcode-id-12e68f24030177e4aca338e64a6f4193 .team-desc {\n  padding: 25px 0px 0px 0px;\n}\n.dt-team-shortcode.team-masonry-shortcode-id-12e68f24030177e4aca338e64a6f4193 .team-author-name,\n.dt-team-shortcode.team-masonry-shortcode-id-12e68f24030177e4aca338e64a6f4193 .team-author-name a {\n  margin-bottom: 0px;\n  text-transform: uppercase;\n}\n.dt-team-shortcode.team-masonry-shortcode-id-12e68f24030177e4aca338e64a6f4193 .team-author p {\n  margin-bottom: 15px;\n  font-size: 18px;\n  line-height: 28px;\n}\n.dt-team-shortcode.team-masonry-shortcode-id-12e68f24030177e4aca338e64a6f4193  .team-media {\n  padding: 0px 0px 0px 0px;\n}\n.dt-team-shortcode.team-masonry-shortcode-id-12e68f24030177e4aca338e64a6f4193 .dt-css-grid .team-media img {\n  max-width: 100%;\n}\n.dt-team-shortcode.team-masonry-shortcode-id-12e68f24030177e4aca338e64a6f4193 .team-content {\n  margin-bottom: 5px;\n}\n.dt-team-shortcode.team-masonry-shortcode-id-12e68f24030177e4aca338e64a6f4193  .team-media,\n.dt-team-shortcode.team-masonry-shortcode-id-12e68f24030177e4aca338e64a6f4193  .team-media a.rollover,\n.dt-team-shortcode.team-masonry-shortcode-id-12e68f24030177e4aca338e64a6f4193  .team-media a.rollover *,\n.dt-team-shortcode.team-masonry-shortcode-id-12e68f24030177e4aca338e64a6f4193  .team-media img {\n  border-radius: 0px;\n}\n.dt-team-shortcode.team-masonry-shortcode-id-12e68f24030177e4aca338e64a6f4193 .soc-ico {\n  margin-bottom: 15px;\n}\n.dt-team-shortcode.team-masonry-shortcode-id-12e68f24030177e4aca338e64a6f4193 .soc-ico a {\n  min-width: 32px;\n  min-height: 32px;\n  font-size: 16px;\n  border-radius: 100px;\n}\n.dt-team-shortcode.team-masonry-shortcode-id-12e68f24030177e4aca338e64a6f4193 .soc-ico a:not(:last-child) {\n  margin-right: 4px;\n}\n.dt-team-shortcode.team-masonry-shortcode-id-12e68f24030177e4aca338e64a6f4193 .soc-ico a:before,\n.dt-team-shortcode.team-masonry-shortcode-id-12e68f24030177e4aca338e64a6f4193 .soc-ico a:after {\n  min-width: 32px;\n  min-height: 32px;\n  padding: inherit;\n}\n.dt-icon-border-on.dt-team-shortcode.team-masonry-shortcode-id-12e68f24030177e4aca338e64a6f4193 .soc-ico a:before {\n  border: 0px solid transparent;\n}\n.dt-team-shortcode.team-masonry-shortcode-id-12e68f24030177e4aca338e64a6f4193 .soc-ico a:hover {\n  font-size: 16px;\n}\n#page .dt-team-shortcode.team-masonry-shortcode-id-12e68f24030177e4aca338e64a6f4193 .soc-ico a:hover .soc-font-icon {\n  color: rgba(255,255,255,0.75);\n  background: none;\n}\n.dt-icon-border-hover-on.dt-team-shortcode.team-masonry-shortcode-id-12e68f24030177e4aca338e64a6f4193 .soc-ico a:after {\n  border: 0px solid transparent;\n}\n#page .dt-team-shortcode.team-masonry-shortcode-id-12e68f24030177e4aca338e64a6f4193 .soc-ico a:not(:hover) .soc-font-icon {\n  color: #ffffff;\n  background: none;\n}\n.dt-team-shortcode.team-masonry-shortcode-id-12e68f24030177e4aca338e64a6f4193 .soc-ico a .soc-font-icon {\n  font-size: 16px;\n}\n.dt-team-shortcode.team-masonry-shortcode-id-12e68f24030177e4aca338e64a6f4193 .filter-bg-decoration .filter-categories a.act {\n  color: #fff;\n}\n.dt-team-shortcode.team-masonry-shortcode-id-12e68f24030177e4aca338e64a6f4193:not(.resize-by-browser-width) .dt-css-grid {\n  grid-row-gap: 30px;\n  grid-column-gap: 30px;\n  grid-template-columns: repeat(auto-fill,minmax(,1fr));\n}\n.cssgridlegacy.no-cssgrid .dt-team-shortcode.team-masonry-shortcode-id-12e68f24030177e4aca338e64a6f4193:not(.resize-by-browser-width) .dt-css-grid,\n.no-cssgridlegacy.no-cssgrid .dt-team-shortcode.team-masonry-shortcode-id-12e68f24030177e4aca338e64a6f4193:not(.resize-by-browser-width) .dt-css-grid {\n  display: flex;\n  flex-flow: row wrap;\n  margin: -15px;\n}\n.cssgridlegacy.no-cssgrid .dt-team-shortcode.team-masonry-shortcode-id-12e68f24030177e4aca338e64a6f4193:not(.resize-by-browser-width) .dt-css-grid .wf-cell,\n.no-cssgridlegacy.no-cssgrid .dt-team-shortcode.team-masonry-shortcode-id-12e68f24030177e4aca338e64a6f4193:not(.resize-by-browser-width) .dt-css-grid .wf-cell {\n  flex: 1 0 ;\n  max-width: 100%;\n  padding: 15px;\n  box-sizing: border-box;\n}\n.dt-team-shortcode.team-masonry-shortcode-id-12e68f24030177e4aca338e64a6f4193.resize-by-browser-width .dt-css-grid {\n  grid-template-columns: repeat(4,1fr);\n  grid-template-rows: auto;\n  grid-column-gap: 30px;\n  grid-row-gap: 30px;\n}\n.cssgridlegacy.no-cssgrid .dt-team-shortcode.team-masonry-shortcode-id-12e68f24030177e4aca338e64a6f4193.resize-by-browser-width .dt-css-grid,\n.no-cssgridlegacy.no-cssgrid .dt-team-shortcode.team-masonry-shortcode-id-12e68f24030177e4aca338e64a6f4193.resize-by-browser-width .dt-css-grid {\n  margin: -15px;\n}\n.cssgridlegacy.no-cssgrid .dt-team-shortcode.team-masonry-shortcode-id-12e68f24030177e4aca338e64a6f4193.resize-by-browser-width .dt-css-grid .wf-cell,\n.no-cssgridlegacy.no-cssgrid .dt-team-shortcode.team-masonry-shortcode-id-12e68f24030177e4aca338e64a6f4193.resize-by-browser-width .dt-css-grid .wf-cell {\n  width: 25%;\n  padding: 15px;\n}\n@media screen and (max-width: 1199px) {\n  .dt-team-shortcode.team-masonry-shortcode-id-12e68f24030177e4aca338e64a6f4193.resize-by-browser-width .dt-css-grid {\n    grid-template-columns: repeat(4,1fr);\n  }\n  .cssgridlegacy.no-cssgrid .dt-team-shortcode.team-masonry-shortcode-id-12e68f24030177e4aca338e64a6f4193.resize-by-browser-width .dt-css-grid .wf-cell,\n  .no-cssgridlegacy.no-cssgrid .dt-team-shortcode.team-masonry-shortcode-id-12e68f24030177e4aca338e64a6f4193.resize-by-browser-width .dt-css-grid .wf-cell {\n    width: 25%;\n  }\n}\n@media screen and (max-width: 991px) {\n  .dt-team-shortcode.team-masonry-shortcode-id-12e68f24030177e4aca338e64a6f4193.resize-by-browser-width .dt-css-grid {\n    grid-template-columns: repeat(2,1fr);\n  }\n  .cssgridlegacy.no-cssgrid .dt-team-shortcode.team-masonry-shortcode-id-12e68f24030177e4aca338e64a6f4193.resize-by-browser-width .dt-css-grid .wf-cell,\n  .no-cssgridlegacy.no-cssgrid .dt-team-shortcode.team-masonry-shortcode-id-12e68f24030177e4aca338e64a6f4193.resize-by-browser-width .dt-css-grid .wf-cell {\n    width: 50%;\n  }\n}\n@media screen and (max-width: 767px) {\n  .dt-team-shortcode.team-masonry-shortcode-id-12e68f24030177e4aca338e64a6f4193.resize-by-browser-width .dt-css-grid {\n    grid-template-columns: repeat(1,1fr);\n  }\n  .cssgridlegacy.no-cssgrid .dt-team-shortcode.team-masonry-shortcode-id-12e68f24030177e4aca338e64a6f4193.resize-by-browser-width .dt-css-grid .wf-cell,\n  .no-cssgridlegacy.no-cssgrid .dt-team-shortcode.team-masonry-shortcode-id-12e68f24030177e4aca338e64a6f4193.resize-by-browser-width .dt-css-grid .wf-cell {\n    width: 100%;\n  }\n}\n<\/style><div class=\"dt-team-masonry-shortcode dt-team-shortcode team-masonry-shortcode-id-12e68f24030177e4aca338e64a6f4193 loading-effect-none mode-grid jquery-filter content-align-center dt-css-grid-wrap dt-css-grid-wrap disable-bg-rollover dt-icon-bg-on dt-icon-border-on dt-icon-hover-bg-on dt-icon-border-hover-on move-icons-under-position resize-by-browser-width  \" data-padding=\"15px\" data-cur-page=\"1\" data-post-limit=\"-1\" data-pagination-mode=\"none\" data-desktop-columns-num=\"4\" data-v-tablet-columns-num=\"2\" data-h-tablet-columns-num=\"4\" data-phone-columns-num=\"1\" data-width=\"0px\" data-columns=\"0\"><div class=\"dt-css-grid\" ><div class=\"visible wf-cell\" data-post-id=\"4328\" data-date=\"2021-10-25T10:01:21+03:00\" data-name=\"Georgui Baranets\"><div class=\"team-container visible post post-4328 dt_team type-dt_team status-publish has-post-thumbnail hentry description-off\"><div class=\"team-media\"><span><img class=\"preload-me iso-lazy-load aspect\" src=\"data:image\/svg+xml,%3Csvg%20xmlns%3D&#39;http%3A%2F%2Fwww.w3.org%2F2000%2Fsvg&#39;%20viewBox%3D&#39;0%200%20638%20638&#39;%2F%3E\" data-src=\"https:\/\/skaryna.eu\/wp-content\/uploads\/2021\/10\/2021-saryna-eu-georgui-baranets.jpg\" data-srcset=\"https:\/\/skaryna.eu\/wp-content\/uploads\/2021\/10\/2021-saryna-eu-georgui-baranets.jpg 638w\" loading=\"eager\" style=\"--ratio: 638 \/ 638\" sizes=\"(max-width: 638px) 100vw, 638px\" width=\"638\" height=\"638\"  title=\"2021-saryna-eu-georgui-baranets\" alt=\"Georgui Baranets\" \/><\/span><\/div><div class=\"team-desc\"><div class=\"team-author\"><div class=\"team-author-name\">Georgui Baranets<\/div><p>Komandos vadovas ir projekto vadovas, EHU profesorius<\/p><\/div><div class=\"team-content\"><\/div><div class=\"soc-ico\"><a title=\"E-mail\" href=\"mailto:georgui.baranets@ehu.lt\" target=\"_top\" class=\"mail\"><span class=\"soc-font-icon\"><\/span><span class=\"screen-reader-text\">E-mail<\/span><\/a><a title=\"Facebook\" href=\"https:\/\/www.facebook.com\/georgui.baranets\" target=\"_blank\" class=\"facebook\"><span class=\"soc-font-icon\"><\/span><span class=\"screen-reader-text\">Facebook<\/span><\/a><\/div><\/div><\/div><\/div><div class=\"visible wf-cell\" data-post-id=\"4330\" data-date=\"2021-10-25T10:02:00+03:00\" data-name=\"Aliaksandr Kalbaska\"><div class=\"team-container visible post post-4330 dt_team type-dt_team status-publish has-post-thumbnail hentry description-off\"><div class=\"team-media\"><span><img class=\"preload-me iso-lazy-load aspect\" src=\"data:image\/svg+xml,%3Csvg%20xmlns%3D&#39;http%3A%2F%2Fwww.w3.org%2F2000%2Fsvg&#39;%20viewBox%3D&#39;0%200%20638%20638&#39;%2F%3E\" data-src=\"https:\/\/skaryna.eu\/wp-content\/uploads\/2021\/10\/2021-saryna-eu-aliaksandr-kalbaska.jpg\" data-srcset=\"https:\/\/skaryna.eu\/wp-content\/uploads\/2021\/10\/2021-saryna-eu-aliaksandr-kalbaska.jpg 638w\" loading=\"eager\" style=\"--ratio: 638 \/ 638\" sizes=\"(max-width: 638px) 100vw, 638px\" width=\"638\" height=\"638\"  title=\"2021-saryna-eu-aliaksandr-kalbaska\" alt=\"\u0410\u043b\u044f\u043a\u0441\u0430\u043d\u0434\u0440 \u041a\u0430\u043b\u0431\u0430\u0441\u043a\u0430\" \/><\/span><\/div><div class=\"team-desc\"><div class=\"team-author\"><div class=\"team-author-name\">Aliaksandr Kalbaska<\/div><p>Projekto koordinatorius, EHU Humanitarini\u0173 moksl\u0173 ir men\u0173 katedros profesorius<\/p><\/div><div class=\"team-content\"><\/div><div class=\"soc-ico\"><a title=\"E-mail\" href=\"mailto:liaksandr.kalbaska@ehu.lt\" target=\"_top\" class=\"mail\"><span class=\"soc-font-icon\"><\/span><span class=\"screen-reader-text\">E-mail<\/span><\/a><a title=\"Facebook\" href=\"https:\/\/www.facebook.com\/aliaksandr.kalbaska\" target=\"_blank\" class=\"facebook\"><span class=\"soc-font-icon\"><\/span><span class=\"screen-reader-text\">Facebook<\/span><\/a><\/div><\/div><\/div><\/div><div class=\"visible wf-cell\" data-post-id=\"4329\" data-date=\"2021-10-25T10:03:34+03:00\" data-name=\"Siarhej Chareuski\"><div class=\"team-container visible post post-4329 dt_team type-dt_team status-publish has-post-thumbnail hentry description-off\"><div class=\"team-media\"><span><img class=\"preload-me iso-lazy-load aspect\" src=\"data:image\/svg+xml,%3Csvg%20xmlns%3D&#39;http%3A%2F%2Fwww.w3.org%2F2000%2Fsvg&#39;%20viewBox%3D&#39;0%200%20638%20638&#39;%2F%3E\" data-src=\"https:\/\/skaryna.eu\/wp-content\/uploads\/2021\/10\/2021-saryna-eu-siarhej-chareuski.jpg\" data-srcset=\"https:\/\/skaryna.eu\/wp-content\/uploads\/2021\/10\/2021-saryna-eu-siarhej-chareuski.jpg 638w\" loading=\"eager\" style=\"--ratio: 638 \/ 638\" sizes=\"(max-width: 638px) 100vw, 638px\" width=\"638\" height=\"638\"  title=\"2021-saryna-eu-siarhej-chareuski\" alt=\"Siarhej Chareuski\" \/><\/span><\/div><div class=\"team-desc\"><div class=\"team-author\"><div class=\"team-author-name\">Siarhej Chareuski<\/div><p>Menotyrininkas, EHU Humanitarini\u0173 moksl\u0173 ir men\u0173 departamento d\u0117stytojas<\/p><\/div><div class=\"team-content\"><\/div><div class=\"soc-ico\"><a title=\"E-mail\" href=\"mailto:siarhej.chareuski@ehu.lt\" target=\"_top\" class=\"mail\"><span class=\"soc-font-icon\"><\/span><span class=\"screen-reader-text\">E-mail<\/span><\/a><a title=\"Facebook\" href=\"https:\/\/www.facebook.com\/siarhej.chareuski\" target=\"_blank\" class=\"facebook\"><span class=\"soc-font-icon\"><\/span><span class=\"screen-reader-text\">Facebook<\/span><\/a><\/div><\/div><\/div><\/div><div class=\"visible wf-cell\" data-post-id=\"4331\" data-date=\"2021-10-25T10:04:14+03:00\" data-name=\"Aliaksei Lastouski\"><div class=\"team-container visible post post-4331 dt_team type-dt_team status-publish has-post-thumbnail hentry description-off\"><div class=\"team-media\"><span><img class=\"preload-me iso-lazy-load aspect\" src=\"data:image\/svg+xml,%3Csvg%20xmlns%3D&#39;http%3A%2F%2Fwww.w3.org%2F2000%2Fsvg&#39;%20viewBox%3D&#39;0%200%20387%20387&#39;%2F%3E\" data-src=\"https:\/\/skaryna.eu\/wp-content\/uploads\/2021\/10\/135201564_3768555496555889_8295607356583309968_n-2.jpg\" data-srcset=\"https:\/\/skaryna.eu\/wp-content\/uploads\/2021\/10\/135201564_3768555496555889_8295607356583309968_n-2.jpg 387w\" loading=\"eager\" style=\"--ratio: 387 \/ 387\" sizes=\"(max-width: 387px) 100vw, 387px\" width=\"387\" height=\"387\"  title=\"Aliaksei Lastouski\" alt=\"Aliaksei Lastouski\" \/><\/span><\/div><div class=\"team-desc\"><div class=\"team-author\"><div class=\"team-author-name\">Aliaksei Lastouski<\/div><p>Projekto koordinatorius, Polo\u0441ko valstybinio universiteto docentas<\/p><\/div><div class=\"team-content\"><\/div><div class=\"soc-ico\"><a title=\"E-mail\" href=\"mailto:lastowski18@gmail.com\" target=\"_top\" class=\"mail\"><span class=\"soc-font-icon\"><\/span><span class=\"screen-reader-text\">E-mail<\/span><\/a><a title=\"Facebook\" href=\"https:\/\/www.facebook.com\/aliaksei.lastouski\" target=\"_blank\" class=\"facebook\"><span class=\"soc-font-icon\"><\/span><span class=\"screen-reader-text\">Facebook<\/span><\/a><\/div><\/div><\/div><\/div><\/div><!-- iso-container|iso-grid --><\/div>[\/vc_column][\/vc_row]<\/p>\n<\/div>","protected":false},"excerpt":{"rendered":"<p>[vc_row][vc_column][vc_single_image image=&#8221;2380&#8243; img_size=&#8221;full&#8221;][\/vc_column][\/vc_row][vc_row equal_height=&#8221;yes&#8221; content_placement=&#8221;middle&#8221; css=&#8221;.vc_custom_1561964015799{padding-bottom: 50px !important;}&#8221;][vc_column css=&#8221;.vc_custom_1561963982378{padding-right: 7% !important;padding-bottom: 30px !important;padding-left: 7% !important;}&#8221;][vc_empty_space][\/vc_column][\/vc_row][vc_row bg_type=&#8221;bg_color&#8221; bg_override=&#8221;full&#8221; css=&#8221;.vc_custom_1634963328326{padding-top: 70px !important;padding-bottom: 70px !important;}&#8221; bg_color_value=&#8221;#f7f7f7&#8243;][vc_column][\/vc_column][\/vc_row]<\/p>\n","protected":false},"author":1,"featured_media":0,"parent":0,"menu_order":0,"comment_status":"closed","ping_status":"closed","template":"","meta":[],"_links":{"self":[{"href":"https:\/\/skaryna.eu\/lt\/wp-json\/wp\/v2\/pages\/3246"}],"collection":[{"href":"https:\/\/skaryna.eu\/lt\/wp-json\/wp\/v2\/pages"}],"about":[{"href":"https:\/\/skaryna.eu\/lt\/wp-json\/wp\/v2\/types\/page"}],"author":[{"embeddable":true,"href":"https:\/\/skaryna.eu\/lt\/wp-json\/wp\/v2\/users\/1"}],"replies":[{"embeddable":true,"href":"https:\/\/skaryna.eu\/lt\/wp-json\/wp\/v2\/comments?post=3246"}],"version-history":[{"count":12,"href":"https:\/\/skaryna.eu\/lt\/wp-json\/wp\/v2\/pages\/3246\/revisions"}],"predecessor-version":[{"id":4598,"href":"https:\/\/skaryna.eu\/lt\/wp-json\/wp\/v2\/pages\/3246\/revisions\/4598"}],"wp:attachment":[{"href":"https:\/\/skaryna.eu\/lt\/wp-json\/wp\/v2\/media?parent=3246"}],"curies":[{"name":"wp","href":"https:\/\/api.w.org\/{rel}","templated":true}]}}