{"id":3232,"date":"2018-11-06T10:35:36","date_gmt":"2018-11-06T07:35:36","guid":{"rendered":"https:\/\/skaryna.eu\/kontaktai\/"},"modified":"2021-11-14T00:08:18","modified_gmt":"2021-11-13T21:08:18","slug":"kontaktai","status":"publish","type":"page","link":"https:\/\/skaryna.eu\/lt\/kontaktai\/","title":{"rendered":"Kontaktai"},"content":{"rendered":"<div class=\"wpb-content-wrapper\"><p>[vc_row bg_type=&#8221;bg_color&#8221; bg_override=&#8221;full&#8221; css=&#8221;.vc_custom_1561965266036{padding-top: 70px !important;padding-bottom: 80px !important;}&#8221; bg_color_value=&#8221;#f7f7f7&#8243;][vc_column]<div id=\"ultimate-heading-345069e45d49e1f03\" class=\"uvc-heading ult-adjust-bottom-margin ultimate-heading-345069e45d49e1f03 uvc-4726  uvc-heading-default-font-sizes\" data-hspacer=\"no_spacer\"  data-halign=\"center\" style=\"text-align:center\"><div class=\"uvc-heading-spacer no_spacer\" style=\"top\"><\/div><div class=\"uvc-main-heading ult-responsive\"  data-ultimate-target='.uvc-heading.ultimate-heading-345069e45d49e1f03 h2'  data-responsive-json-new='{\"font-size\":\"\",\"line-height\":\"\"}' ><h2 style=\"--font-weight:theme;margin-bottom:20px;\">Susisiekite su mumis<\/h2><\/div><div class=\"uvc-sub-heading ult-responsive\"  data-ultimate-target='.uvc-heading.ultimate-heading-345069e45d49e1f03 .uvc-sub-heading '  data-responsive-json-new='{\"font-size\":\"desktop:20px;\",\"line-height\":\"desktop:30px;\"}'  style=\"font-weight:normal;margin-bottom:35px;\">Prisijunkite prie m\u016bs\u0173 socialiniuose tinkluose:<\/div><\/div><style type=\"text\/css\" data-type=\"the7_shortcodes-inline-css\">.dt-shortcode-soc-icons.soc-icons-74c410b06c4f55dbdf014c8618579962 a {\n  margin-right: 10px;\n}\n.dt-shortcode-soc-icons a.soc-icons-74c410b06c4f55dbdf014c8618579962 {\n  margin-right: 10px;\n}\n.dt-shortcode-soc-icons a.soc-icons-74c410b06c4f55dbdf014c8618579962:last-child {\n  margin-right: 0;\n}\n.dt-shortcode-soc-icons a.soc-icons-74c410b06c4f55dbdf014c8618579962:before,\n.dt-shortcode-soc-icons a.soc-icons-74c410b06c4f55dbdf014c8618579962:after {\n  padding: inherit;\n}\n.dt-shortcode-soc-icons a.soc-icons-74c410b06c4f55dbdf014c8618579962.dt-icon-border-on:before {\n  border:  solid ;\n}\n.dt-shortcode-soc-icons a.soc-icons-74c410b06c4f55dbdf014c8618579962.dt-icon-hover-border-on:after {\n  border:  solid ;\n}\n<\/style><div class=\"dt-shortcode-soc-icons  soc-icons-74c410b06c4f55dbdf014c8618579962 soc-icons-center \" ><style type=\"text\/css\" data-type=\"the7_shortcodes-inline-css\">.dt-shortcode-soc-icons a.single-soc-icon-3a1fffd9d4912692ad733f2b7dccf817 {\n  min-width: 46px;\n  min-height: 46px;\n  font-size: 25px;\n  border-radius: 100px;\n}\n.dt-shortcode-soc-icons a.single-soc-icon-3a1fffd9d4912692ad733f2b7dccf817:last-child {\n  margin-right: 0;\n}\n.dt-shortcode-soc-icons a.single-soc-icon-3a1fffd9d4912692ad733f2b7dccf817:before,\n.dt-shortcode-soc-icons a.single-soc-icon-3a1fffd9d4912692ad733f2b7dccf817:after {\n  min-width: 46px;\n  min-height: 46px;\n  padding: inherit;\n}\n#page .dt-shortcode-soc-icons a.single-soc-icon-3a1fffd9d4912692ad733f2b7dccf817.dt-icon-bg-on:before,\n#phantom .dt-shortcode-soc-icons a.single-soc-icon-3a1fffd9d4912692ad733f2b7dccf817.dt-icon-bg-on:before {\n  background: #b4742e;\n}\n.dt-shortcode-soc-icons a.single-soc-icon-3a1fffd9d4912692ad733f2b7dccf817.dt-icon-border-on:before {\n  border: 0px solid ;\n}\n.dt-shortcode-soc-icons a.single-soc-icon-3a1fffd9d4912692ad733f2b7dccf817.dt-icon-hover-border-on:after {\n  border: 0px solid ;\n}\n.dt-shortcode-soc-icons a.single-soc-icon-3a1fffd9d4912692ad733f2b7dccf817:hover {\n  font-size: 25px;\n}\n#page .dt-shortcode-soc-icons a.single-soc-icon-3a1fffd9d4912692ad733f2b7dccf817:hover .soc-font-icon,\n#phantom .dt-shortcode-soc-icons a.single-soc-icon-3a1fffd9d4912692ad733f2b7dccf817:hover .soc-font-icon,\n#page .dt-shortcode-soc-icons a.single-soc-icon-3a1fffd9d4912692ad733f2b7dccf817:hover .soc-icon,\n#phantom .dt-shortcode-soc-icons a.single-soc-icon-3a1fffd9d4912692ad733f2b7dccf817:hover .soc-icon {\n  color: #ffffff;\n  background: none;\n}\n#page .dt-shortcode-soc-icons a.single-soc-icon-3a1fffd9d4912692ad733f2b7dccf817.dt-icon-hover-bg-on:after,\n#phantom .dt-shortcode-soc-icons a.single-soc-icon-3a1fffd9d4912692ad733f2b7dccf817.dt-icon-hover-bg-on:after {\n  background: #c19434;\n}\n#page .dt-shortcode-soc-icons a.single-soc-icon-3a1fffd9d4912692ad733f2b7dccf817:not(:hover) .soc-font-icon,\n#phantom .dt-shortcode-soc-icons a.single-soc-icon-3a1fffd9d4912692ad733f2b7dccf817:not(:hover) .soc-font-icon,\n#page .dt-shortcode-soc-icons a.single-soc-icon-3a1fffd9d4912692ad733f2b7dccf817:not(:hover) .soc-icon,\n#phantom .dt-shortcode-soc-icons a.single-soc-icon-3a1fffd9d4912692ad733f2b7dccf817:not(:hover) .soc-icon {\n  color: #ffffff;\n  background: none;\n}\n.dt-shortcode-soc-icons a.single-soc-icon-3a1fffd9d4912692ad733f2b7dccf817 .soc-font-icon,\n.dt-shortcode-soc-icons a.single-soc-icon-3a1fffd9d4912692ad733f2b7dccf817 .soc-icon {\n  font-size: 25px;\n}\n<\/style><a title=\"Facebook\" href=\"https:\/\/www.facebook.com\/groups\/434978221124539\/\" target=\"_blank\" class=\"facebook single-soc-icon-3a1fffd9d4912692ad733f2b7dccf817 dt-icon-bg-on dt-icon-hover-bg-on\"><i class=\"soc-icon soc-font-icon dt-icon-facebook\"><\/i><span class=\"screen-reader-text\">Facebook<\/span><\/a><style type=\"text\/css\" data-type=\"the7_shortcodes-inline-css\">.dt-shortcode-soc-icons a.single-soc-icon-4284eeb2465b7d9883667dc4979b2e53 {\n  min-width: 46px;\n  min-height: 46px;\n  font-size: 25px;\n  border-radius: 100px;\n}\n.dt-shortcode-soc-icons a.single-soc-icon-4284eeb2465b7d9883667dc4979b2e53:last-child {\n  margin-right: 0;\n}\n.dt-shortcode-soc-icons a.single-soc-icon-4284eeb2465b7d9883667dc4979b2e53:before,\n.dt-shortcode-soc-icons a.single-soc-icon-4284eeb2465b7d9883667dc4979b2e53:after {\n  min-width: 46px;\n  min-height: 46px;\n  padding: inherit;\n}\n#page .dt-shortcode-soc-icons a.single-soc-icon-4284eeb2465b7d9883667dc4979b2e53.dt-icon-bg-on:before,\n#phantom .dt-shortcode-soc-icons a.single-soc-icon-4284eeb2465b7d9883667dc4979b2e53.dt-icon-bg-on:before {\n  background: #b4742e;\n}\n.dt-shortcode-soc-icons a.single-soc-icon-4284eeb2465b7d9883667dc4979b2e53.dt-icon-border-on:before {\n  border: 0px solid ;\n}\n.dt-shortcode-soc-icons a.single-soc-icon-4284eeb2465b7d9883667dc4979b2e53.dt-icon-hover-border-on:after {\n  border: 0px solid ;\n}\n.dt-shortcode-soc-icons a.single-soc-icon-4284eeb2465b7d9883667dc4979b2e53:hover {\n  font-size: 25px;\n}\n#page .dt-shortcode-soc-icons a.single-soc-icon-4284eeb2465b7d9883667dc4979b2e53:hover .soc-font-icon,\n#phantom .dt-shortcode-soc-icons a.single-soc-icon-4284eeb2465b7d9883667dc4979b2e53:hover .soc-font-icon,\n#page .dt-shortcode-soc-icons a.single-soc-icon-4284eeb2465b7d9883667dc4979b2e53:hover .soc-icon,\n#phantom .dt-shortcode-soc-icons a.single-soc-icon-4284eeb2465b7d9883667dc4979b2e53:hover .soc-icon {\n  color: #ffffff;\n  background: none;\n}\n#page .dt-shortcode-soc-icons a.single-soc-icon-4284eeb2465b7d9883667dc4979b2e53.dt-icon-hover-bg-on:after,\n#phantom .dt-shortcode-soc-icons a.single-soc-icon-4284eeb2465b7d9883667dc4979b2e53.dt-icon-hover-bg-on:after {\n  background: #c19434;\n}\n#page .dt-shortcode-soc-icons a.single-soc-icon-4284eeb2465b7d9883667dc4979b2e53:not(:hover) .soc-font-icon,\n#phantom .dt-shortcode-soc-icons a.single-soc-icon-4284eeb2465b7d9883667dc4979b2e53:not(:hover) .soc-font-icon,\n#page .dt-shortcode-soc-icons a.single-soc-icon-4284eeb2465b7d9883667dc4979b2e53:not(:hover) .soc-icon,\n#phantom .dt-shortcode-soc-icons a.single-soc-icon-4284eeb2465b7d9883667dc4979b2e53:not(:hover) .soc-icon {\n  color: #ffffff;\n  background: none;\n}\n.dt-shortcode-soc-icons a.single-soc-icon-4284eeb2465b7d9883667dc4979b2e53 .soc-font-icon,\n.dt-shortcode-soc-icons a.single-soc-icon-4284eeb2465b7d9883667dc4979b2e53 .soc-icon {\n  font-size: 25px;\n}\n<\/style><a title=\"Instagram\" href=\"https:\/\/www.instagram.com\/skarynarout\/\" target=\"_blank\" class=\"instagram single-soc-icon-4284eeb2465b7d9883667dc4979b2e53 dt-icon-bg-on dt-icon-hover-bg-on\"><i class=\"soc-icon soc-font-icon dt-icon-instagram\"><\/i><span class=\"screen-reader-text\">Instagram<\/span><\/a><style type=\"text\/css\" data-type=\"the7_shortcodes-inline-css\">.dt-shortcode-soc-icons a.single-soc-icon-af657c2e5022f50b7243ba3268fc7095 {\n  min-width: 46px;\n  min-height: 46px;\n  font-size: 25px;\n  border-radius: 100px;\n}\n.dt-shortcode-soc-icons a.single-soc-icon-af657c2e5022f50b7243ba3268fc7095:last-child {\n  margin-right: 0;\n}\n.dt-shortcode-soc-icons a.single-soc-icon-af657c2e5022f50b7243ba3268fc7095:before,\n.dt-shortcode-soc-icons a.single-soc-icon-af657c2e5022f50b7243ba3268fc7095:after {\n  min-width: 46px;\n  min-height: 46px;\n  padding: inherit;\n}\n#page .dt-shortcode-soc-icons a.single-soc-icon-af657c2e5022f50b7243ba3268fc7095.dt-icon-bg-on:before,\n#phantom .dt-shortcode-soc-icons a.single-soc-icon-af657c2e5022f50b7243ba3268fc7095.dt-icon-bg-on:before {\n  background: #b4742e;\n}\n.dt-shortcode-soc-icons a.single-soc-icon-af657c2e5022f50b7243ba3268fc7095.dt-icon-border-on:before {\n  border: 0px solid ;\n}\n.dt-shortcode-soc-icons a.single-soc-icon-af657c2e5022f50b7243ba3268fc7095.dt-icon-hover-border-on:after {\n  border: 0px solid ;\n}\n.dt-shortcode-soc-icons a.single-soc-icon-af657c2e5022f50b7243ba3268fc7095:hover {\n  font-size: 25px;\n}\n#page .dt-shortcode-soc-icons a.single-soc-icon-af657c2e5022f50b7243ba3268fc7095:hover .soc-font-icon,\n#phantom .dt-shortcode-soc-icons a.single-soc-icon-af657c2e5022f50b7243ba3268fc7095:hover .soc-font-icon,\n#page .dt-shortcode-soc-icons a.single-soc-icon-af657c2e5022f50b7243ba3268fc7095:hover .soc-icon,\n#phantom .dt-shortcode-soc-icons a.single-soc-icon-af657c2e5022f50b7243ba3268fc7095:hover .soc-icon {\n  color: #ffffff;\n  background: none;\n}\n#page .dt-shortcode-soc-icons a.single-soc-icon-af657c2e5022f50b7243ba3268fc7095.dt-icon-hover-bg-on:after,\n#phantom .dt-shortcode-soc-icons a.single-soc-icon-af657c2e5022f50b7243ba3268fc7095.dt-icon-hover-bg-on:after {\n  background: #c19434;\n}\n#page .dt-shortcode-soc-icons a.single-soc-icon-af657c2e5022f50b7243ba3268fc7095:not(:hover) .soc-font-icon,\n#phantom .dt-shortcode-soc-icons a.single-soc-icon-af657c2e5022f50b7243ba3268fc7095:not(:hover) .soc-font-icon,\n#page .dt-shortcode-soc-icons a.single-soc-icon-af657c2e5022f50b7243ba3268fc7095:not(:hover) .soc-icon,\n#phantom .dt-shortcode-soc-icons a.single-soc-icon-af657c2e5022f50b7243ba3268fc7095:not(:hover) .soc-icon {\n  color: #ffffff;\n  background: none;\n}\n.dt-shortcode-soc-icons a.single-soc-icon-af657c2e5022f50b7243ba3268fc7095 .soc-font-icon,\n.dt-shortcode-soc-icons a.single-soc-icon-af657c2e5022f50b7243ba3268fc7095 .soc-icon {\n  font-size: 25px;\n}\n<\/style><a title=\"VK\" href=\"https:\/\/vk.com\/public203605228\" target=\"_blank\" class=\"vk single-soc-icon-af657c2e5022f50b7243ba3268fc7095 dt-icon-bg-on dt-icon-hover-bg-on\"><i class=\"soc-icon soc-font-icon dt-icon-vk\"><\/i><span class=\"screen-reader-text\">VK<\/span><\/a><style type=\"text\/css\" data-type=\"the7_shortcodes-inline-css\">.dt-shortcode-soc-icons a.single-soc-icon-6b4eac23f128e39bbbbcf0f2fd9a3ba2 {\n  min-width: 46px;\n  min-height: 46px;\n  font-size: 25px;\n  border-radius: 100px;\n}\n.dt-shortcode-soc-icons a.single-soc-icon-6b4eac23f128e39bbbbcf0f2fd9a3ba2:last-child {\n  margin-right: 0;\n}\n.dt-shortcode-soc-icons a.single-soc-icon-6b4eac23f128e39bbbbcf0f2fd9a3ba2:before,\n.dt-shortcode-soc-icons a.single-soc-icon-6b4eac23f128e39bbbbcf0f2fd9a3ba2:after {\n  min-width: 46px;\n  min-height: 46px;\n  padding: inherit;\n}\n#page .dt-shortcode-soc-icons a.single-soc-icon-6b4eac23f128e39bbbbcf0f2fd9a3ba2.dt-icon-bg-on:before,\n#phantom .dt-shortcode-soc-icons a.single-soc-icon-6b4eac23f128e39bbbbcf0f2fd9a3ba2.dt-icon-bg-on:before {\n  background: #b4742e;\n}\n.dt-shortcode-soc-icons a.single-soc-icon-6b4eac23f128e39bbbbcf0f2fd9a3ba2.dt-icon-border-on:before {\n  border: 0px solid ;\n}\n.dt-shortcode-soc-icons a.single-soc-icon-6b4eac23f128e39bbbbcf0f2fd9a3ba2.dt-icon-hover-border-on:after {\n  border: 0px solid ;\n}\n.dt-shortcode-soc-icons a.single-soc-icon-6b4eac23f128e39bbbbcf0f2fd9a3ba2:hover {\n  font-size: 25px;\n}\n#page .dt-shortcode-soc-icons a.single-soc-icon-6b4eac23f128e39bbbbcf0f2fd9a3ba2:hover .soc-font-icon,\n#phantom .dt-shortcode-soc-icons a.single-soc-icon-6b4eac23f128e39bbbbcf0f2fd9a3ba2:hover .soc-font-icon,\n#page .dt-shortcode-soc-icons a.single-soc-icon-6b4eac23f128e39bbbbcf0f2fd9a3ba2:hover .soc-icon,\n#phantom .dt-shortcode-soc-icons a.single-soc-icon-6b4eac23f128e39bbbbcf0f2fd9a3ba2:hover .soc-icon {\n  color: #ffffff;\n  background: none;\n}\n#page .dt-shortcode-soc-icons a.single-soc-icon-6b4eac23f128e39bbbbcf0f2fd9a3ba2.dt-icon-hover-bg-on:after,\n#phantom .dt-shortcode-soc-icons a.single-soc-icon-6b4eac23f128e39bbbbcf0f2fd9a3ba2.dt-icon-hover-bg-on:after {\n  background: #c19434;\n}\n#page .dt-shortcode-soc-icons a.single-soc-icon-6b4eac23f128e39bbbbcf0f2fd9a3ba2:not(:hover) .soc-font-icon,\n#phantom .dt-shortcode-soc-icons a.single-soc-icon-6b4eac23f128e39bbbbcf0f2fd9a3ba2:not(:hover) .soc-font-icon,\n#page .dt-shortcode-soc-icons a.single-soc-icon-6b4eac23f128e39bbbbcf0f2fd9a3ba2:not(:hover) .soc-icon,\n#phantom .dt-shortcode-soc-icons a.single-soc-icon-6b4eac23f128e39bbbbcf0f2fd9a3ba2:not(:hover) .soc-icon {\n  color: #ffffff;\n  background: none;\n}\n.dt-shortcode-soc-icons a.single-soc-icon-6b4eac23f128e39bbbbcf0f2fd9a3ba2 .soc-font-icon,\n.dt-shortcode-soc-icons a.single-soc-icon-6b4eac23f128e39bbbbcf0f2fd9a3ba2 .soc-icon {\n  font-size: 25px;\n}\n<\/style><a title=\"Telegram\" href=\"https:\/\/t.me\/skaryna_cultural_route\" target=\"_blank\" class=\"telegram single-soc-icon-6b4eac23f128e39bbbbcf0f2fd9a3ba2 dt-icon-bg-on dt-icon-hover-bg-on\"><i class=\"soc-icon soc-font-icon dt-icon-telegram\"><\/i><span class=\"screen-reader-text\">Telegram<\/span><\/a><\/div>[\/vc_column][\/vc_row][vc_row full_width=&#8221;stretch_row&#8221; equal_height=&#8221;yes&#8221; content_placement=&#8221;top&#8221; bg_type=&#8221;image&#8221; parallax_style=&#8221;vcpb-default&#8221; bg_image_new=&#8221;id^1406|url^https:\/\/skaryna.eu\/wp-content\/uploads\/2021\/10\/skaryna-eu-polacak-back-3.png|caption^null|alt^null|title^skaryna-eu-polacak-back-3|description^null&#8221; bg_image_repeat=&#8221;no-repeat&#8221; bg_override=&#8221;full&#8221; css=&#8221;.vc_custom_1635118977352{padding-top: 80px !important;background-color: #26474d !important;}&#8221;][vc_column width=&#8221;1\/2&#8243; css=&#8221;.vc_custom_1562003235102{margin-bottom: 50px !important;}&#8221;]<form class=\"dt-contact-form dt-form\" method=\"post\"><input type=\"hidden\" name=\"widget_id\" value=\"presscore-contact-form-widget--1\" \/><input type=\"hidden\" name=\"send_message\" value=\"\" \/><input type=\"hidden\" name=\"security_token\" value=\"b4b411e12d6726223af1\"\/><div class=\"form-fields\"><span class=\"form-name\"><label class=\"assistive-text\">Pavadinima *<\/label><input type=\"text\" class=\"validate[required]\" placeholder=\"Pavadinima *\" name=\"name\" value=\"\" aria-required=\"true\">\n<\/span><span class=\"form-mail\"><label class=\"assistive-text\">E-mail *<\/label><input type=\"text\" class=\"validate[required,custom[email]]\" placeholder=\"E-mail *\" name=\"email\" value=\"\" aria-required=\"true\">\n<\/span><\/div><span class=\"form-message\"><label class=\"assistive-text\">Message<\/label><textarea placeholder=\"Message\" name=\"message\" rows=\"6\" aria-required=\"false\"><\/textarea>\n<\/span><p><a href=\"#\" class=\"dt-btn dt-btn-m dt-btn-submit\" rel=\"nofollow\"><span>Si\u0173sti \u017einut\u0119<\/span><\/a><input class=\"assistive-text\" type=\"submit\" value=\"Si\u0173sti\"><\/p><\/form>\n[\/vc_column][vc_column width=&#8221;1\/2&#8243; css=&#8221;.vc_custom_1562003238708{margin-bottom: 50px !important;background-position: center !important;background-repeat: no-repeat !important;background-size: cover !important;}&#8221;]<div id=\"ultimate-heading-155769e45d49e27fd\" class=\"uvc-heading ult-adjust-bottom-margin ultimate-heading-155769e45d49e27fd uvc-5874 accent-title-color uvc-heading-default-font-sizes\" data-hspacer=\"no_spacer\"  data-halign=\"left\" style=\"text-align:left\"><div class=\"uvc-heading-spacer no_spacer\" style=\"top\"><\/div><div class=\"uvc-main-heading ult-responsive\"  data-ultimate-target='.uvc-heading.ultimate-heading-155769e45d49e27fd h3'  data-responsive-json-new='{\"font-size\":\"\",\"line-height\":\"\"}' ><h3 style=\"--font-weight:theme;color:#ffffff;margin-bottom:5px;\">Adresas korespondencijai:<\/h3><\/div><div class=\"uvc-sub-heading ult-responsive\"  data-ultimate-target='.uvc-heading.ultimate-heading-155769e45d49e27fd .uvc-sub-heading '  data-responsive-json-new='{\"font-size\":\"\",\"line-height\":\"\"}'  style=\"font-weight:normal;color:#ffffff;margin-bottom:15px;\">Savi\u010diaus g. 17, 01127 Vilnius, Lietuva<\/div><\/div><div id=\"ultimate-heading-476769e45d49e2884\" class=\"uvc-heading ult-adjust-bottom-margin ultimate-heading-476769e45d49e2884 uvc-9799 accent-title-color uvc-heading-default-font-sizes\" data-hspacer=\"no_spacer\"  data-halign=\"left\" style=\"text-align:left\"><div class=\"uvc-heading-spacer no_spacer\" style=\"top\"><\/div><div class=\"uvc-main-heading ult-responsive\"  data-ultimate-target='.uvc-heading.ultimate-heading-476769e45d49e2884 h3'  data-responsive-json-new='{\"font-size\":\"\",\"line-height\":\"\"}' ><h3 style=\"--font-weight:theme;color:#ffffff;margin-bottom:5px;\">El. pa\u0161tas:<\/h3><\/div><div class=\"uvc-sub-heading ult-responsive\"  data-ultimate-target='.uvc-heading.ultimate-heading-476769e45d49e2884 .uvc-sub-heading '  data-responsive-json-new='{\"font-size\":\"\",\"line-height\":\"\"}'  style=\"font-weight:normal;color:#ffffff;margin-bottom:15px;\">info@skaryna.eu<\/div><\/div>[\/vc_column][\/vc_row]<\/p>\n<\/div>","protected":false},"excerpt":{"rendered":"<p>[vc_row bg_type=&#8221;bg_color&#8221; bg_override=&#8221;full&#8221; css=&#8221;.vc_custom_1561965266036{padding-top: 70px !important;padding-bottom: 80px !important;}&#8221; bg_color_value=&#8221;#f7f7f7&#8243;][vc_column][\/vc_column][\/vc_row][vc_row full_width=&#8221;stretch_row&#8221; equal_height=&#8221;yes&#8221; content_placement=&#8221;top&#8221; bg_type=&#8221;image&#8221; parallax_style=&#8221;vcpb-default&#8221; bg_image_new=&#8221;id^1406|url^https:\/\/skaryna.eu\/wp-content\/uploads\/2021\/10\/skaryna-eu-polacak-back-3.png|caption^null|alt^null|title^skaryna-eu-polacak-back-3|description^null&#8221; bg_image_repeat=&#8221;no-repeat&#8221; bg_override=&#8221;full&#8221; css=&#8221;.vc_custom_1635118977352{padding-top: 80px !important;background-color: #26474d !important;}&#8221;][vc_column width=&#8221;1\/2&#8243; css=&#8221;.vc_custom_1562003235102{margin-bottom: 50px !important;}&#8221;][\/vc_column][vc_column width=&#8221;1\/2&#8243; css=&#8221;.vc_custom_1562003238708{margin-bottom: 50px !important;background-position: center !important;background-repeat: no-repeat !important;background-size: cover !important;}&#8221;][\/vc_column][\/vc_row]<\/p>\n","protected":false},"author":1,"featured_media":0,"parent":0,"menu_order":0,"comment_status":"closed","ping_status":"closed","template":"","meta":[],"_links":{"self":[{"href":"https:\/\/skaryna.eu\/lt\/wp-json\/wp\/v2\/pages\/3232"}],"collection":[{"href":"https:\/\/skaryna.eu\/lt\/wp-json\/wp\/v2\/pages"}],"about":[{"href":"https:\/\/skaryna.eu\/lt\/wp-json\/wp\/v2\/types\/page"}],"author":[{"embeddable":true,"href":"https:\/\/skaryna.eu\/lt\/wp-json\/wp\/v2\/users\/1"}],"replies":[{"embeddable":true,"href":"https:\/\/skaryna.eu\/lt\/wp-json\/wp\/v2\/comments?post=3232"}],"version-history":[{"count":34,"href":"https:\/\/skaryna.eu\/lt\/wp-json\/wp\/v2\/pages\/3232\/revisions"}],"predecessor-version":[{"id":4354,"href":"https:\/\/skaryna.eu\/lt\/wp-json\/wp\/v2\/pages\/3232\/revisions\/4354"}],"wp:attachment":[{"href":"https:\/\/skaryna.eu\/lt\/wp-json\/wp\/v2\/media?parent=3232"}],"curies":[{"name":"wp","href":"https:\/\/api.w.org\/{rel}","templated":true}]}}